{"id":2,"date":"2008-06-27T17:20:03","date_gmt":"2008-06-27T15:20:03","guid":{"rendered":"http:\/\/www.sabolc.com\/blog\/?page_id=2"},"modified":"2008-06-29T17:41:33","modified_gmt":"2008-06-29T15:41:33","slug":"about","status":"publish","type":"page","link":"https:\/\/sabolc.com\/blog\/about\/","title":{"rendered":"About"},"content":{"rendered":"<p>Itt tal\u00e1lhat\u00f3 Sabolc r\u00e9gi napl\u00f3ja csak\u00fagy, mint a legfrissebb bejegyz\u00e9sek. K\u00f6zben eltelt mintegy 10 \u00e9v&#8230; az\u00f3ta egy kicsit kev\u00e9sb\u00e9 naivan, egy kicsit kev\u00e9sb\u00e9 smucigan, de m\u00e9g mindig sok-sok szeretettel&#8230; yours truly&#8230;<\/p>\n","protected":false},"excerpt":{"rendered":"<p>Itt tal\u00e1lhat\u00f3 Sabolc r\u00e9gi napl\u00f3ja csak\u00fagy, mint a legfrissebb bejegyz\u00e9sek. K\u00f6zben eltelt mintegy 10 \u00e9v&#8230; az\u00f3ta egy kicsit kev\u00e9sb\u00e9 naivan, egy kicsit kev\u00e9sb\u00e9 smucigan, de m\u00e9g mindig sok-sok szeretettel&#8230; yours [&hellip;]<\/p>\n","protected":false},"author":2,"featured_media":0,"parent":0,"menu_order":0,"comment_status":"open","ping_status":"open","template":"","meta":{"footnotes":""},"class_list":["post-2","page","type-page","status-publish","hentry"],"_links":{"self":[{"href":"https:\/\/sabolc.com\/blog\/wp-json\/wp\/v2\/pages\/2","targetHints":{"allow":["GET"]}}],"collection":[{"href":"https:\/\/sabolc.com\/blog\/wp-json\/wp\/v2\/pages"}],"about":[{"href":"https:\/\/sabolc.com\/blog\/wp-json\/wp\/v2\/types\/page"}],"author":[{"embeddable":true,"href":"https:\/\/sabolc.com\/blog\/wp-json\/wp\/v2\/users\/2"}],"replies":[{"embeddable":true,"href":"https:\/\/sabolc.com\/blog\/wp-json\/wp\/v2\/comments?post=2"}],"version-history":[{"count":0,"href":"https:\/\/sabolc.com\/blog\/wp-json\/wp\/v2\/pages\/2\/revisions"}],"wp:attachment":[{"href":"https:\/\/sabolc.com\/blog\/wp-json\/wp\/v2\/media?parent=2"}],"curies":[{"name":"wp","href":"https:\/\/api.w.org\/{rel}","templated":true}]}}